{"id":9780,"date":"2025-10-21T17:05:26","date_gmt":"2025-10-21T17:05:26","guid":{"rendered":"https:\/\/eydallinsport.com\/about\/"},"modified":"2025-12-05T11:58:35","modified_gmt":"2025-12-05T11:58:35","slug":"chi-siamo","status":"publish","type":"page","link":"https:\/\/eydallinsport.com\/it\/chi-siamo\/","title":{"rendered":"Chi Siamo"},"content":{"rendered":"\n  <div class=\"banner has-hover has-parallax\" id=\"banner-117983092\">\n          <div class=\"banner-inner fill\">\n        <div class=\"banner-bg fill\" data-parallax=\"-3\" data-parallax-container=\".banner\" data-parallax-background>\n                                    <div class=\"overlay\"><\/div>            \n                    <\/div>\n\t\t\n        <div class=\"banner-layers container\">\n            <div class=\"fill banner-link\"><\/div>            \n   <div id=\"text-box-1772955748\" class=\"text-box banner-layer x50 md-x50 lg-x50 y50 md-y50 lg-y50 res-text\">\n                                <div class=\"text-box-content text dark\">\n              \n              <div class=\"text-inner text-center\">\n                  \n\t<div id=\"gap-2115645979\" class=\"gap-element clearfix\" style=\"display:block; height:auto;\">\n\t\t\n<style>\n#gap-2115645979 {\n  padding-top: 30px;\n}\n<\/style>\n\t<\/div>\n\t\n<h1>Chi Siamo<\/h1>\n<h4>Eydallin Sport, Sauze d&#8217;Oulx<\/h4>\n              <\/div>\n           <\/div>\n                            \n<style>\n#text-box-1772955748 {\n  width: 60%;\n}\n#text-box-1772955748 .text-box-content {\n  font-size: 100%;\n}\n<\/style>\n    <\/div>\n \n        <\/div>\n      <\/div>\n\n            \n<style>\n#banner-117983092 {\n  padding-top: 450px;\n  background-color: rgb(7, 68, 121);\n}\n#banner-117983092 .overlay {\n  background-color: rgba(0, 0, 0, 0.337);\n}\n<\/style>\n  <\/div>\n\n\n<div class=\"row\"  id=\"row-2019534329\">\n\t<div id=\"gap-1986023316\" class=\"gap-element clearfix\" style=\"display:block; height:auto;\">\n\t\t\n<style>\n#gap-1986023316 {\n  padding-top: 30px;\n}\n<\/style>\n\t<\/div>\n\t\n\n\t<div id=\"col-2035900173\" class=\"col small-12 large-12\"  >\n\t\t\t\t<div class=\"col-inner\"  >\n\t\t\t\n\t\t\t\n<p class=\"lead\" style=\"text-align: center;\">Fondata oltre 50 anni fa da Amato Eydallin, uno dei primi maestri di sci certificati in Italia, insieme<br \/>a sua figlia Mariella, Eydallin Sport \u00e8 diventata un vero punto di riferimento a Sauze d\u2019Oulx.<\/p>\n<p class=\"lead\" style=\"text-align: center;\">Oggi il negozio \u00e8 gestito dal figlio Renato e dai nipoti Simone e Marco \u2014 tutti maestri di sci e<br \/>allenatori di sci agonistico \u2014 che portano avanti con orgoglio l\u2019eredit\u00e0 di passione ed eccellenza<br \/>trasmessa da Amato.<\/p>\n\n\t<section class=\"section\" id=\"section_1227059544\">\n\t\t<div class=\"section-bg fill\" >\n\t\t\t<img loading=\"lazy\" decoding=\"async\" width=\"768\" height=\"457\" src=\"https:\/\/eydallinsport.com\/wp-content\/uploads\/2025\/11\/amato-1.jpg\" class=\"bg attachment- size-\" alt=\"\" \/>\t\t\t\t\t\t<div class=\"section-bg-overlay absolute fill\"><\/div>\n\t\t\t\n\n\t\t<\/div>\n\n\t\t\n\n\t\t<div class=\"section-content relative\">\n\t\t\t\n<div class=\"row row-collapse row-full-width align-middle marbottom30 .pageimagebr2\"  id=\"row-1024598830\">\n\n\t<div id=\"col-1621925682\" class=\"col medium-8 small-12 large-8\"  >\n\t\t\t\t<div class=\"col-inner text-center\"  >\n\t\t\t\n\t\t\t\n<h2 style=\"text-align: left;\">Amato Eydallin<\/h2>\n<div style=\"text-align: left;\">Amato Eydallin inizi\u00f2 a insegnare sci nel 1936 a Sestriere, ancora prima della Seconda Guerra Mondiale.<\/div>\n<div>\u00a0<\/div>\n<div style=\"text-align: left;\">Tra i suoi allievi c\u2019erano Re Umberto II e la famiglia Agnelli, fondatori della FIAT.<br \/>Grazie a una generosa mancia ricevuta da uno dei suoi allievi, pot\u00e9 investire in quello che sarebbe poi diventato Eydallin Sport, proprio qui a Sauze d\u2019Oulx.<\/div>\n<div style=\"text-align: left;\">\u00a0<\/div>\n<div>\u00a0<\/div>\n\t\t<\/div>\n\t\t\t\t\n<style>\n#col-1621925682 > .col-inner {\n  padding: 10% 10% 10% 10%;\n  max-width: 920px;\n}\n<\/style>\n\t<\/div>\n\n\t\n\n\t<div id=\"col-327351295\" class=\"col medium-4 small-12 large-4\"  >\n\t\t\t\t<div class=\"col-inner\" style=\"background-color:rgb(255,255,255);\" >\n\t\t\t\n\t\t\t\n\t<div class=\"box has-hover pageimagebr2 marbottom30  has-hover box-text-bottom\" >\n\n\t\t<div class=\"box-image\" >\n\t\t\t\t\t\t<div class=\"\" >\n\t\t\t\t<img loading=\"lazy\" decoding=\"async\" width=\"768\" height=\"457\" src=\"https:\/\/eydallinsport.com\/wp-content\/uploads\/2025\/11\/amato-1.jpg\" class=\"attachment-medium_large size-medium_large\" alt=\"\" srcset=\"https:\/\/eydallinsport.com\/wp-content\/uploads\/2025\/11\/amato-1.jpg 768w, https:\/\/eydallinsport.com\/wp-content\/uploads\/2025\/11\/amato-1-300x179.jpg 300w, https:\/\/eydallinsport.com\/wp-content\/uploads\/2025\/11\/amato-1-500x298.jpg 500w\" sizes=\"auto, (max-width: 768px) 100vw, 768px\" \/>\t\t\t\t\t\t\t\t\t\t\t<\/div>\n\t\t\t\t\t<\/div>\n\n\t\t<div class=\"box-text text-center\" >\n\t\t\t<div class=\"box-text-inner\">\n\t\t\t\t\n<h4>Amato Eydallin<\/h4>\n\t\t\t<\/div>\n\t\t<\/div>\n\t<\/div>\n\t\n\t\t<\/div>\n\t\t\t\t\n<style>\n#col-327351295 > .col-inner {\n  border-radius: 12px;\n}\n<\/style>\n\t<\/div>\n\n\t\n<\/div>\n\t\t<\/div>\n\n\t\t\n<style>\n#section_1227059544 {\n  padding-top: 0px;\n  padding-bottom: 0px;\n  background-color: rgb(247, 247, 247);\n}\n#section_1227059544 .section-bg-overlay {\n  background-color: rgba(255, 255, 255, 0.85);\n}\n<\/style>\n\t<\/section>\n\t\n\n\t<section class=\"section\" id=\"section_1161149362\">\n\t\t<div class=\"section-bg fill\" >\n\t\t\t<img loading=\"lazy\" decoding=\"async\" width=\"768\" height=\"457\" src=\"https:\/\/eydallinsport.com\/wp-content\/uploads\/2025\/11\/renato.jpg\" class=\"bg attachment- size-\" alt=\"\" \/>\t\t\t\t\t\t<div class=\"section-bg-overlay absolute fill\"><\/div>\n\t\t\t\n\n\t\t<\/div>\n\n\t\t\n\n\t\t<div class=\"section-content relative\">\n\t\t\t\n<div class=\"row row-collapse row-full-width align-middle marbottom30 .pageimagebr2\"  id=\"row-1717743571\">\n\n\t<div id=\"col-780762886\" class=\"col medium-8 small-12 large-8\"  >\n\t\t\t\t<div class=\"col-inner text-center\"  >\n\t\t\t\n\t\t\t\n<h2 style=\"text-align: left;\">Renato Eydallin<\/h2>\n<div style=\"text-align: left;\">Reanto sposato con Caroline (che trovate accanto, tra lo Scotch Bar e l\u2019Hotel Stella Alpina), si \u00e8 diplomato maestro di sci nel 1972 e allenatore federale nel 1974.<\/div>\n<div style=\"text-align: left;\">Da allora ha dedicato la sua vita al settore del noleggio, portando con s\u00e9 decenni di esperienza e professionalit\u00e0 per offrire a ogni sciatore il miglior servizio possibile.<\/div>\n<div style=\"text-align: left;\">\u00a0<\/div>\n<div>\u00a0<\/div>\n\t\t<\/div>\n\t\t\t\t\n<style>\n#col-780762886 > .col-inner {\n  padding: 10% 10% 10% 10%;\n  max-width: 920px;\n}\n<\/style>\n\t<\/div>\n\n\t\n\n\t<div id=\"col-2099598981\" class=\"col medium-4 small-12 large-4\"  >\n\t\t\t\t<div class=\"col-inner\" style=\"background-color:rgb(255,255,255);\" >\n\t\t\t\n\t\t\t\n\t<div class=\"box has-hover pageimagebr2 marbottom30  has-hover box-text-bottom\" >\n\n\t\t<div class=\"box-image\" >\n\t\t\t\t\t\t<div class=\"\" >\n\t\t\t\t<img loading=\"lazy\" decoding=\"async\" width=\"768\" height=\"457\" src=\"https:\/\/eydallinsport.com\/wp-content\/uploads\/2025\/11\/renato.jpg\" class=\"attachment-medium_large size-medium_large\" alt=\"\" srcset=\"https:\/\/eydallinsport.com\/wp-content\/uploads\/2025\/11\/renato.jpg 768w, https:\/\/eydallinsport.com\/wp-content\/uploads\/2025\/11\/renato-300x179.jpg 300w, https:\/\/eydallinsport.com\/wp-content\/uploads\/2025\/11\/renato-500x298.jpg 500w\" sizes=\"auto, (max-width: 768px) 100vw, 768px\" \/>\t\t\t\t\t\t\t\t\t\t\t<\/div>\n\t\t\t\t\t<\/div>\n\n\t\t<div class=\"box-text text-center\" >\n\t\t\t<div class=\"box-text-inner\">\n\t\t\t\t\n<h4>Renato Eydallin<\/h4>\n\t\t\t<\/div>\n\t\t<\/div>\n\t<\/div>\n\t\n\t\t<\/div>\n\t\t\t\t\n<style>\n#col-2099598981 > .col-inner {\n  border-radius: 12px;\n}\n<\/style>\n\t<\/div>\n\n\t\n<\/div>\n\t\t<\/div>\n\n\t\t\n<style>\n#section_1161149362 {\n  padding-top: 0px;\n  padding-bottom: 0px;\n  background-color: rgb(247, 247, 247);\n}\n#section_1161149362 .section-bg-overlay {\n  background-color: rgba(255, 255, 255, 0.85);\n}\n<\/style>\n\t<\/section>\n\t\n\n\t<section class=\"section\" id=\"section_176390857\">\n\t\t<div class=\"section-bg fill\" >\n\t\t\t<img loading=\"lazy\" decoding=\"async\" width=\"1900\" height=\"1131\" src=\"https:\/\/eydallinsport.com\/wp-content\/uploads\/2025\/09\/202401_freeskisauze-06068_web.jpg\" class=\"bg attachment- size-\" alt=\"\" \/>\t\t\t\t\t\t<div class=\"section-bg-overlay absolute fill\"><\/div>\n\t\t\t\n\n\t\t<\/div>\n\n\t\t\n\n\t\t<div class=\"section-content relative\">\n\t\t\t\n<div class=\"row row-collapse row-full-width align-middle marbottom30 .pageimagebr2\"  id=\"row-1321570999\">\n\n\t<div id=\"col-976199760\" class=\"col medium-8 small-12 large-8\"  >\n\t\t\t\t<div class=\"col-inner text-center\"  >\n\t\t\t\n\t\t\t\n<h2 style=\"text-align: left;\">Marco Eydallin<\/h2>\n<div style=\"text-align: left;\">Marco e suo fratello Simone hanno iniziato a sciare all\u2019et\u00e0 di tre anni e hanno gareggiato con lo Sci Club Sauze d\u2019Oulx per oltre dieci anni.<\/div>\n<div>\u00a0<\/div>\n<div style=\"text-align: left;\">Dopo aver conseguito la qualifica di maestro di sci e allenatore, Marco si \u00e8 dedicato alla disciplina emergente del freestyle, ottenendo ottimi risultati nei campionati britannici e italiani. Ha poi fondato FreeSki Sauze, un club di freestyle e freeride che negli ultimi anni \u00e8 cresciuto rapidamente in popolarit\u00e0 e riconoscimento.<\/div>\n<div>\u00a0<\/div>\n<div style=\"text-align: left;\">Appassionato di montagna, Marco \u00e8 anche guida alpina certificata presso la prestigiosa Scuola Guide Alpine del Piemonte.<\/div>\n<div>\u00a0<\/div>\n<div style=\"text-align: left;\">Oggi organizza spedizioni e corsi alpini durante tutto l\u2019anno, condividendo la sua profonda passione per la montagna in ogni stagione.<\/div>\n<div style=\"text-align: left;\">\n<p style=\"margin-top: 20px;\"><a href=\"https:\/\/www.freeskisauze.it\" target=\"_blank\" rel=\"noopener\">https:\/\/www.freeskisauze.it<\/a><\/p>\n<\/div>\n<div>\u00a0<\/div>\n\t\t<\/div>\n\t\t\t\t\n<style>\n#col-976199760 > .col-inner {\n  padding: 10% 10% 10% 10%;\n  max-width: 920px;\n}\n<\/style>\n\t<\/div>\n\n\t\n\n\t<div id=\"col-151132859\" class=\"col medium-4 small-12 large-4\"  >\n\t\t\t\t<div class=\"col-inner\" style=\"background-color:rgb(255,255,255);\" >\n\t\t\t\n\t\t\t\n\t<div class=\"box has-hover pageimagebr2 marbottom30  has-hover box-text-bottom\" >\n\n\t\t<div class=\"box-image\" >\n\t\t\t\t\t\t<div class=\"\" >\n\t\t\t\t<img loading=\"lazy\" decoding=\"async\" width=\"768\" height=\"457\" src=\"https:\/\/eydallinsport.com\/wp-content\/uploads\/2025\/09\/202401_freeskisauze-06068_web-768x457.jpg\" class=\"attachment-medium_large size-medium_large\" alt=\"\" srcset=\"https:\/\/eydallinsport.com\/wp-content\/uploads\/2025\/09\/202401_freeskisauze-06068_web-768x457.jpg 768w, https:\/\/eydallinsport.com\/wp-content\/uploads\/2025\/09\/202401_freeskisauze-06068_web-300x179.jpg 300w, https:\/\/eydallinsport.com\/wp-content\/uploads\/2025\/09\/202401_freeskisauze-06068_web-500x298.jpg 500w, https:\/\/eydallinsport.com\/wp-content\/uploads\/2025\/09\/202401_freeskisauze-06068_web-1024x610.jpg 1024w, https:\/\/eydallinsport.com\/wp-content\/uploads\/2025\/09\/202401_freeskisauze-06068_web-1536x914.jpg 1536w, https:\/\/eydallinsport.com\/wp-content\/uploads\/2025\/09\/202401_freeskisauze-06068_web.jpg 1900w\" sizes=\"auto, (max-width: 768px) 100vw, 768px\" \/>\t\t\t\t\t\t\t\t\t\t\t<\/div>\n\t\t\t\t\t<\/div>\n\n\t\t<div class=\"box-text text-center\" >\n\t\t\t<div class=\"box-text-inner\">\n\t\t\t\t\n<h4>Freeski Sauze<\/h4>\n\t\t\t<\/div>\n\t\t<\/div>\n\t<\/div>\n\t\n\t\t<\/div>\n\t\t\t\t\n<style>\n#col-151132859 > .col-inner {\n  border-radius: 12px;\n}\n<\/style>\n\t<\/div>\n\n\t\n<\/div>\n\t\t<\/div>\n\n\t\t\n<style>\n#section_176390857 {\n  padding-top: 0px;\n  padding-bottom: 0px;\n  background-color: rgb(247, 247, 247);\n}\n#section_176390857 .section-bg-overlay {\n  background-color: rgba(255, 255, 255, 0.85);\n}\n<\/style>\n\t<\/section>\n\t\n\n\t<section class=\"section\" id=\"section_1639873353\">\n\t\t<div class=\"section-bg fill\" >\n\t\t\t<img loading=\"lazy\" decoding=\"async\" width=\"1259\" height=\"800\" src=\"https:\/\/eydallinsport.com\/wp-content\/uploads\/2025\/08\/eydallin-sport-ski-hire-sauze-doulx-2-1259x800-1.jpg\" class=\"bg attachment- size-\" alt=\"eydallin sport ski hire sauze d&#039;oulx italy\" \/>\t\t\t\t\t\t<div class=\"section-bg-overlay absolute fill\"><\/div>\n\t\t\t\n\n\t\t<\/div>\n\n\t\t\n\n\t\t<div class=\"section-content relative\">\n\t\t\t\n<div class=\"row row-collapse row-full-width align-middle\"  id=\"row-1100507818\">\n\n\t<div id=\"col-807394325\" class=\"col medium-8 small-12 large-8\"  >\n\t\t\t\t<div class=\"col-inner text-center\"  >\n\t\t\t\n\t\t\t\n<h2 style=\"text-align: left;\">Simone Eydallin<\/h2>\n<div style=\"text-align: left;\">Dopo aver fatto parte della squadra regionale piemontese, Simone ha puntato a raggiungere il massimo livello di eccellenza tecnica nello sci italiano.<\/div>\n<div>\u00a0<\/div>\n<div style=\"text-align: left;\">All\u2019et\u00e0 di 23 anni, \u00e8 diventato il pi\u00f9 giovane di sempre a ottenere il prestigioso titolo di \u201cIstruttore Nazionale\u201d \u2014 la qualifica pi\u00f9 alta in Italia, detenuta da soli 180 maestri in tutta Italia.<\/div>\n<div>\u00a0<\/div>\n<div style=\"text-align: left;\">Ha lavorato come allenatore con squadre di Coppa del Mondo e ha rappresentato l\u2019Italia al Congresso Interski in Argentina (2015), dove la squadra italiana ha conquistato il primo posto.<\/div>\n<div>\u00a0<\/div>\n<div style=\"text-align: left;\">Oggi allena giovani atleti che aspirano a diventare maestri di sci e insegna per FreeSki Sauze, il club di freestyle e freeride fondato da suo fratello Marco.<\/div>\n<div>\u00a0<\/div>\n<div style=\"text-align: left;\">Negli ultimi anni, Simone si \u00e8 distinto anche nelle gare di vertical e skyrunning, conquistando diversi podi.<\/div>\n<div>\u00a0<\/div>\n<div style=\"text-align: left;\">Sua moglie, Emily, maestra di sci, offre lezioni private di sci a Sauze.<\/div>\n\t\t<\/div>\n\t\t\t\t\n<style>\n#col-807394325 > .col-inner {\n  padding: 10% 10% 10% 10%;\n  max-width: 920px;\n}\n<\/style>\n\t<\/div>\n\n\t\n\n\t<div id=\"col-2105524752\" class=\"col medium-4 small-12 large-4\"  >\n\t\t\t\t<div class=\"col-inner\" style=\"background-color:rgb(255,255,255);\" >\n\t\t\t\n\t\t\t\n\t<div class=\"box has-hover pageimagebr2 marbottom30  has-hover box-text-bottom\" >\n\n\t\t<div class=\"box-image\" >\n\t\t\t\t\t\t<div class=\"\" >\n\t\t\t\t<img loading=\"lazy\" decoding=\"async\" width=\"768\" height=\"488\" src=\"https:\/\/eydallinsport.com\/wp-content\/uploads\/2025\/08\/eydallin-sport-ski-hire-sauze-doulx-2-1259x800-1-768x488.jpg\" class=\"attachment-medium_large size-medium_large\" alt=\"eydallin sport ski hire sauze d&#039;oulx italy\" srcset=\"https:\/\/eydallinsport.com\/wp-content\/uploads\/2025\/08\/eydallin-sport-ski-hire-sauze-doulx-2-1259x800-1-768x488.jpg 768w, https:\/\/eydallinsport.com\/wp-content\/uploads\/2025\/08\/eydallin-sport-ski-hire-sauze-doulx-2-1259x800-1-300x191.jpg 300w, https:\/\/eydallinsport.com\/wp-content\/uploads\/2025\/08\/eydallin-sport-ski-hire-sauze-doulx-2-1259x800-1-500x318.jpg 500w, https:\/\/eydallinsport.com\/wp-content\/uploads\/2025\/08\/eydallin-sport-ski-hire-sauze-doulx-2-1259x800-1-1024x651.jpg 1024w, https:\/\/eydallinsport.com\/wp-content\/uploads\/2025\/08\/eydallin-sport-ski-hire-sauze-doulx-2-1259x800-1.jpg 1259w\" sizes=\"auto, (max-width: 768px) 100vw, 768px\" \/>\t\t\t\t\t\t\t\t\t\t\t<\/div>\n\t\t\t\t\t<\/div>\n\n\t\t<div class=\"box-text text-center\" >\n\t\t\t<div class=\"box-text-inner\">\n\t\t\t\t\n<h4>Simone Eydallin<\/h4>\n\t\t\t<\/div>\n\t\t<\/div>\n\t<\/div>\n\t\n\t\t<\/div>\n\t\t\t\t\n<style>\n#col-2105524752 > .col-inner {\n  border-radius: 12px;\n}\n<\/style>\n\t<\/div>\n\n\t\n<\/div>\n\t<div id=\"gap-527657957\" class=\"gap-element clearfix\" style=\"display:block; height:auto;\">\n\t\t\n<style>\n#gap-527657957 {\n  padding-top: 30px;\n}\n<\/style>\n\t<\/div>\n\t\n\t\t<\/div>\n\n\t\t\n<style>\n#section_1639873353 {\n  padding-top: 0px;\n  padding-bottom: 0px;\n  background-color: rgb(247, 247, 247);\n}\n#section_1639873353 .section-bg-overlay {\n  background-color: rgba(255, 255, 255, 0.85);\n}\n<\/style>\n\t<\/section>\n\t\n\n\t<section class=\"section\" id=\"section_1336217297\">\n\t\t<div class=\"section-bg fill\" >\n\t\t\t<img loading=\"lazy\" decoding=\"async\" width=\"1500\" height=\"630\" src=\"https:\/\/eydallinsport.com\/wp-content\/uploads\/2025\/09\/babyparking-sauze-creche-sauze.jpg\" class=\"bg attachment- size-\" alt=\"\" \/>\t\t\t\t\t\t<div class=\"section-bg-overlay absolute fill\"><\/div>\n\t\t\t\n\n\t\t<\/div>\n\n\t\t\n\n\t\t<div class=\"section-content relative\">\n\t\t\t\n<div class=\"row row-collapse row-full-width align-middle\"  id=\"row-309076483\">\n\n\t<div id=\"col-261679599\" class=\"col medium-8 small-12 large-8\"  >\n\t\t\t\t<div class=\"col-inner text-center\"  >\n\t\t\t\n\t\t\t\n<h2 style=\"text-align: left;\">Elisabetta Eydallin<\/h2>\n<div style=\"text-align: left;\">Sciatrice da sempre, Elisabetta ha scelto una strada diversa dai fratelli, diventando istruttrice di mountain bike pur rimanendo profondamente legata alla vita di montagna.<\/div>\n<div>\u00a0<\/div>\n<div style=\"text-align: left;\">Gestisce l\u2019Hotel Stella Alpina insieme a sua mamma Caroline, offrendo agli ospiti la calda accoglienza che contraddistingue la famiglia Eydallin.<\/div>\n<div>\u00a0<\/div>\n<div style=\"text-align: left;\">Il suo progetto personale, e una delle sue pi\u00f9 grandi realizzazioni, \u00e8 Baby Parking La Libellula \u2014 un asilo nido molto apprezzato che offre un servizio eccellente ai bambini dai 13 mesi ai 6 anni durante l\u2019inverno, oltre a campi estivi divertenti e istruttivi.<\/div>\n<div>\u00a0<\/div>\n<div style=\"text-align: left;\">Suo marito, Andrea Tiberi \u2014 campione italiano e olimpionico a Rio 2016 \u2014 dirige con successo Bike- do, un\u2019organizzazione di mountain bike in costante crescita che promuove l\u2019attivit\u00e0 outdoor e l\u2019amore per la natura.<\/div>\n<div>\u00a0<\/div>\n<div style=\"text-align: left;\">Andrea, vera leggenda locale di Sauze, trova ancora il tempo di dare una mano allo Scotch Bar\u00a0 insieme a Elisabetta tra un allenamento e l\u2019altro<\/div>\n<div style=\"text-align: left;\">\u00a0<\/div>\n<div style=\"text-align: left;\"><a href=\"http:\/\/www.babyparkinglalibellula.com\/\" target=\"_blank\" rel=\"noopener noreferrer\">www.babyparkinglalibellula.com<\/a><\/div>\n\t\t<\/div>\n\t\t\t\t\n<style>\n#col-261679599 > .col-inner {\n  padding: 10% 10% 10% 10%;\n  max-width: 920px;\n}\n<\/style>\n\t<\/div>\n\n\t\n\n\t<div id=\"col-751856859\" class=\"col medium-4 small-12 large-4\"  >\n\t\t\t\t<div class=\"col-inner\" style=\"background-color:rgb(255,255,255);\" >\n\t\t\t\n\t\t\t\n\t<div class=\"box has-hover pageimagebr2 marbottom30  has-hover box-text-bottom\" >\n\n\t\t<div class=\"box-image\" >\n\t\t\t\t\t\t<div class=\"\" >\n\t\t\t\t<img loading=\"lazy\" decoding=\"async\" width=\"768\" height=\"323\" src=\"https:\/\/eydallinsport.com\/wp-content\/uploads\/2025\/09\/babyparking-sauze-creche-sauze-768x323.jpg\" class=\"attachment-medium_large size-medium_large\" alt=\"\" srcset=\"https:\/\/eydallinsport.com\/wp-content\/uploads\/2025\/09\/babyparking-sauze-creche-sauze-768x323.jpg 768w, https:\/\/eydallinsport.com\/wp-content\/uploads\/2025\/09\/babyparking-sauze-creche-sauze-300x126.jpg 300w, https:\/\/eydallinsport.com\/wp-content\/uploads\/2025\/09\/babyparking-sauze-creche-sauze-500x210.jpg 500w, https:\/\/eydallinsport.com\/wp-content\/uploads\/2025\/09\/babyparking-sauze-creche-sauze-1024x430.jpg 1024w, https:\/\/eydallinsport.com\/wp-content\/uploads\/2025\/09\/babyparking-sauze-creche-sauze.jpg 1500w\" sizes=\"auto, (max-width: 768px) 100vw, 768px\" \/>\t\t\t\t\t\t\t\t\t\t\t<\/div>\n\t\t\t\t\t<\/div>\n\n\t\t<div class=\"box-text text-center\" >\n\t\t\t<div class=\"box-text-inner\">\n\t\t\t\t\n<h4>Baby Parking La Libellula<\/h4>\n\t\t\t<\/div>\n\t\t<\/div>\n\t<\/div>\n\t\n\t\t<\/div>\n\t\t\t\t\n<style>\n#col-751856859 > .col-inner {\n  border-radius: 12px;\n}\n<\/style>\n\t<\/div>\n\n\t\n<\/div>\n\t\t<\/div>\n\n\t\t\n<style>\n#section_1336217297 {\n  padding-top: 0px;\n  padding-bottom: 0px;\n  background-color: rgb(247, 247, 247);\n}\n#section_1336217297 .section-bg-overlay {\n  background-color: rgba(255, 255, 255, 0.85);\n}\n<\/style>\n\t<\/section>\n\t\n\t\t<\/div>\n\t\t\t\t\t<\/div>\n\n\t\n<\/div>\n\n\t<section class=\"section\" id=\"section_677883293\">\n\t\t<div class=\"section-bg fill\" >\n\t\t\t\t\t\t\t\t\t\n\t\t\t\n\t<div class=\"is-border\"\n\t\tstyle=\"border-width:0px 0px 0px 0px;margin:0px 0px 0px 0px;\">\n\t<\/div>\n\n\t\t<\/div>\n\n\t\t\n\n\t\t<div class=\"section-content relative\">\n\t\t\t\n\t<div class=\"img has-hover x md-x lg-x y md-y lg-y\" id=\"image_1394580229\">\n\t\t\t\t\t\t\t\t<div class=\"img-inner dark\" >\n\t\t\t\t\t\t\t\t\t\n\t\t\t\t\t<\/div>\n\t\t\t\t\t\t\t\t\n<style>\n#image_1394580229 {\n  width: 100%;\n}\n<\/style>\n\t<\/div>\n\t\n\t\t<\/div>\n\n\t\t\n<style>\n#section_677883293 {\n  padding-top: 0px;\n  padding-bottom: 0px;\n}\n<\/style>\n\t<\/section>\n\t\n\n\t<section class=\"section\" id=\"section_761202087\">\n\t\t<div class=\"section-bg fill\" >\n\t\t\t\t\t\t\t\t\t\n\t\t\t\n\t<div class=\"is-border\"\n\t\tstyle=\"border-width:0px 0px 0px 0px;margin:0px 0px 0px 0px;\">\n\t<\/div>\n\n\t\t<\/div>\n\n\t\t\n\n\t\t<div class=\"section-content relative\">\n\t\t\t\n\t<div class=\"img has-hover x md-x lg-x y md-y lg-y\" id=\"image_1862191831\">\n\t\t\t\t\t\t\t\t<div class=\"img-inner dark\" >\n\t\t\t\t\t\t\t\t\t\n\t\t\t\t\t<\/div>\n\t\t\t\t\t\t\t\t\n<style>\n#image_1862191831 {\n  width: 100%;\n}\n<\/style>\n\t<\/div>\n\t\n\t\t<\/div>\n\n\t\t\n<style>\n#section_761202087 {\n  padding-top: 0px;\n  padding-bottom: 0px;\n}\n<\/style>\n\t<\/section>\n\t\n\n\t<section class=\"section\" id=\"section_1504987431\">\n\t\t<div class=\"section-bg fill\" >\n\t\t\t\t\t\t\t\t\t\n\t\t\t\n\t<div class=\"is-border\"\n\t\tstyle=\"border-width:0px 0px 0px 0px;margin:0px 0px 0px 0px;\">\n\t<\/div>\n\n\t\t<\/div>\n\n\t\t\n\n\t\t<div class=\"section-content relative\">\n\t\t\t\n\t<div class=\"img has-hover x md-x lg-x y md-y lg-y\" id=\"image_413699556\">\n\t\t\t\t\t\t\t\t<div class=\"img-inner dark\" >\n\t\t\t\t\t\t\t\t\t\n\t\t\t\t\t<\/div>\n\t\t\t\t\t\t\t\t\n<style>\n#image_413699556 {\n  width: 100%;\n}\n<\/style>\n\t<\/div>\n\t\n\t\t<\/div>\n\n\t\t\n<style>\n#section_1504987431 {\n  padding-top: 0px;\n  padding-bottom: 0px;\n}\n<\/style>\n\t<\/section>\n\t\n\n\t<section class=\"section dark has-mask mask-arrow\" id=\"section_1203467841\">\n\t\t<div class=\"section-bg fill\" >\n\t\t\t\t\t\t\t\t\t<div class=\"section-bg-overlay absolute fill\"><\/div>\n\t\t\t\n\t<div class=\"is-border\"\n\t\tstyle=\"border-color:rgb(235, 235, 235);border-width:1px 0px 0px 0px;\">\n\t<\/div>\n\n\t\t<\/div>\n\n\t\t\n\n\t\t<div class=\"section-content relative\">\n\t\t\t\n<div class=\"row\"  id=\"row-1077217679\">\n\n\t<div id=\"col-722027974\" class=\"col medium-4 small-12 large-4\"  >\n\t\t\t\t<div class=\"col-inner text-shadow-2\"  >\n\t\t\t\n\t\t\t\n\t<div id=\"text-4199155720\" class=\"text\">\n\t\t\n<h3 style=\"font-size: 1.2rem; text-transform: uppercase;\">INDIRIZZO<\/h3>\n<p>Eydallin Sport<br \/>Via Miramonti, 16<br \/>10050 Sauze d&#8217;Oulx (TO)<br \/>(<a href=\"https:\/\/www.google.com\/maps\/place\/Eydallin+Sport\/@45.0254204,6.8568829,17z\/data=!4m6!3m5!1s0x4789c1651f7ea4b5:0xb2b2d4ea15566b27!8m2!3d45.0257692!4d6.8588463!16s%2Fg%2F1tgw3xsf!5m1!1e4?entry=ttu&amp;g_ep=EgoyMDI1MTAwMS4wIKXMDSoASAFQAw%3D%3D\" target=\"_blank\" rel=\"noopener\">View Map<\/a>)<\/p>\n\t\t\n<style>\n#text-4199155720 {\n  text-align: center;\n}\n<\/style>\n\t<\/div>\n\t\n\t\t<\/div>\n\t\t\t\t\t<\/div>\n\n\t\n\n\t<div id=\"col-845677332\" class=\"col medium-4 small-12 large-4\"  >\n\t\t\t\t<div class=\"col-inner text-shadow-2\"  >\n\t\t\t\n\t\t\t\n\t<div id=\"text-1371968474\" class=\"text\">\n\t\t\n<h3 style=\"font-size: 1.2rem; text-transform: uppercase;\">Le nostre attivit\u00e0<\/h3>\n<p><a href=\"https:\/\/www.stellalpinahotel.it\/\" target=\"_blank\" rel=\"noopener\">Hotel Stella Alpina<\/a><br \/><a href=\"https:\/\/www.cascinagenzianella.it\/\" target=\"_blank\" rel=\"noopener\">La Cascina Genzianella<\/a><br \/><a href=\"https:\/\/www.babyparkinglalibellula.com\/\" target=\"_blank\" rel=\"noopener\">Baby Parking La Libellula<\/a><br \/><a href=\"https:\/\/www.freeskisauze.it\/\" target=\"_blank\" rel=\"noopener\">Freeski Sauze<\/a><\/p>\n\t\t\n<style>\n#text-1371968474 {\n  text-align: center;\n}\n<\/style>\n\t<\/div>\n\t\n\t\t<\/div>\n\t\t\t\t\t<\/div>\n\n\t\n\n\t<div id=\"col-731944607\" class=\"col medium-4 small-12 large-4\"  >\n\t\t\t\t<div class=\"col-inner text-shadow-2\"  >\n\t\t\t\n\t\t\t\n\t<div id=\"text-2326508829\" class=\"text\">\n\t\t\n<h3 style=\"font-size: 1.2rem; text-transform: uppercase;\">Noleggio sci e snowboard<\/h3>\n<p><a href=\"https:\/\/eydallinsport.com\/it\/negozio\/noleggio-sci-sauze-doulx\/\">Noleggio Sci Adulti<\/a><br \/><a href=\"https:\/\/eydallinsport.com\/it\/negozio\/noleggi-sci-bambini\/\">Noleggio Sci Bambini<\/a><br \/><a href=\"https:\/\/eydallinsport.com\/it\/negozio\/noleggio-snowboard-sauze-doulx\/\">Noleggio Snowboard Adulti<\/a><br \/><a href=\"https:\/\/eydallinsport.com\/it\/negozio\/noleggio-snowboard-bambini\/\">Noleggio Snowboard Bambini<\/a><\/p>\n\t\t\n<style>\n#text-2326508829 {\n  text-align: center;\n}\n<\/style>\n\t<\/div>\n\t\n\t\t<\/div>\n\t\t\t\t\t<\/div>\n\n\t\n<\/div>\n\t\t<\/div>\n\n\t\t\n<style>\n#section_1203467841 {\n  padding-top: 30px;\n  padding-bottom: 30px;\n  min-height: 300px;\n  background-color: #446084;\n}\n#section_1203467841 .section-bg-overlay {\n  background-color: rgba(0, 0, 0, 0.4);\n}\n<\/style>\n\t<\/section>\n\t\n","protected":false},"excerpt":{"rendered":"","protected":false},"author":1,"featured_media":0,"parent":0,"menu_order":0,"comment_status":"closed","ping_status":"closed","template":"page-transparent-header-light.php","meta":{"footnotes":""},"class_list":["post-9780","page","type-page","status-publish","hentry"],"_links":{"self":[{"href":"https:\/\/eydallinsport.com\/it\/wp-json\/wp\/v2\/pages\/9780","targetHints":{"allow":["GET"]}}],"collection":[{"href":"https:\/\/eydallinsport.com\/it\/wp-json\/wp\/v2\/pages"}],"about":[{"href":"https:\/\/eydallinsport.com\/it\/wp-json\/wp\/v2\/types\/page"}],"author":[{"embeddable":true,"href":"https:\/\/eydallinsport.com\/it\/wp-json\/wp\/v2\/users\/1"}],"replies":[{"embeddable":true,"href":"https:\/\/eydallinsport.com\/it\/wp-json\/wp\/v2\/comments?post=9780"}],"version-history":[{"count":13,"href":"https:\/\/eydallinsport.com\/it\/wp-json\/wp\/v2\/pages\/9780\/revisions"}],"predecessor-version":[{"id":10603,"href":"https:\/\/eydallinsport.com\/it\/wp-json\/wp\/v2\/pages\/9780\/revisions\/10603"}],"wp:attachment":[{"href":"https:\/\/eydallinsport.com\/it\/wp-json\/wp\/v2\/media?parent=9780"}],"curies":[{"name":"wp","href":"https:\/\/api.w.org\/{rel}","templated":true}]}}