{"id":9909,"date":"2025-10-22T17:55:15","date_gmt":"2025-10-22T17:55:15","guid":{"rendered":"https:\/\/eydallinsport.com\/?page_id=9909"},"modified":"2025-10-26T16:46:06","modified_gmt":"2025-10-26T16:46:06","slug":"trova-gli-sci-giusti-per-il-tuo-livello","status":"publish","type":"page","link":"https:\/\/eydallinsport.com\/it\/trova-gli-sci-giusti-per-il-tuo-livello\/","title":{"rendered":"Trova gli Sci Giusti per il Tuo Livello"},"content":{"rendered":"\n  <div class=\"banner has-hover has-parallax\" id=\"banner-840726460\">\n          <div class=\"banner-inner fill\">\n        <div class=\"banner-bg fill\" data-parallax=\"-3\" data-parallax-container=\".banner\" data-parallax-background>\n                                    <div class=\"overlay\"><\/div>            \n                    <\/div>\n\t\t\n        <div class=\"banner-layers container\">\n            <div class=\"fill banner-link\"><\/div>            \n   <div id=\"text-box-293903169\" class=\"text-box banner-layer x50 md-x50 lg-x50 y50 md-y50 lg-y50 res-text\">\n                                <div class=\"text-box-content text dark\">\n              \n              <div class=\"text-inner text-center\">\n                  \n\t<div id=\"gap-1321285731\" class=\"gap-element clearfix\" style=\"display:block; height:auto;\">\n\t\t\n<style>\n#gap-1321285731 {\n  padding-top: 30px;\n}\n<\/style>\n\t<\/div>\n\t\n<h1>Trova gli Sci Giusti per il Tuo Livello<\/h1>\n              <\/div>\n           <\/div>\n                            \n<style>\n#text-box-293903169 {\n  width: 60%;\n}\n#text-box-293903169 .text-box-content {\n  font-size: 100%;\n}\n<\/style>\n    <\/div>\n \n        <\/div>\n      <\/div>\n\n            \n<style>\n#banner-840726460 {\n  padding-top: 450px;\n  background-color: rgb(7, 68, 121);\n}\n#banner-840726460 .overlay {\n  background-color: rgba(0, 0, 0, 0.337);\n}\n<\/style>\n  <\/div>\n\n\n\n\t<section class=\"section\" id=\"section_2054969790\">\n\t\t<div class=\"section-bg fill\" >\n\t\t\t\t\t\t\t\t\t\n\t\t\t\n\t<div class=\"is-border\"\n\t\tstyle=\"border-color:rgb(204, 204, 204);border-width:1px 0px 1px 0px;\">\n\t<\/div>\n\n\t\t<\/div>\n\n\t\t\n\n\t\t<div class=\"section-content relative\">\n\t\t\t\n<h2 style=\"text-align: center;\">Guida alla scelta degli sci<\/h2>\n\t\t<\/div>\n\n\t\t\n<style>\n#section_2054969790 {\n  padding-top: 30px;\n  padding-bottom: 30px;\n  background-color: rgb(248, 248, 248);\n}\n<\/style>\n\t<\/section>\n\t\n<div class=\"row\"  id=\"row-1591802239\">\n\t<div id=\"gap-306128639\" class=\"gap-element clearfix\" style=\"display:block; height:auto;\">\n\t\t\n<style>\n#gap-306128639 {\n  padding-top: 30px;\n}\n<\/style>\n\t<\/div>\n\t\n\n\t<div id=\"col-683962464\" class=\"col small-12 large-12\"  >\n\t\t\t\t<div class=\"col-inner\"  >\n\t\t\t\n\t\t\t\n<p class=\"lead textalignleft\" style=\"text-align: center;\">Scegliere gli sci giusti pu\u00f2 fare la differenza su quanto ti diverti in montagna.\n<\/p>\n<p class=\"lead textalignleft\" style=\"text-align: center;\">Ecco una breve guida per aiutarti a capire le differenze tra sci da principiante, intermedio e avanzato e<br \/>\nquando potrebbe essere il momento di fare un upgrade.<\/p>\n\t\t<\/div>\n\t\t\t\t\t<\/div>\n\n\t\n<\/div>\n\n\t<section class=\"section\" id=\"section_175241386\">\n\t\t<div class=\"section-bg fill\" >\n\t\t\t\t\t\t\t\t\t\n\t\t\t\n\t<div class=\"is-border\"\n\t\tstyle=\"border-width:0px 0px 0px 0px;margin:0px 0px 0px 0px;\">\n\t<\/div>\n\n\t\t<\/div>\n\n\t\t\n\n\t\t<div class=\"section-content relative\">\n\t\t\t\n\t<div class=\"img has-hover x md-x lg-x y md-y lg-y\" id=\"image_1869948757\">\n\t\t\t\t\t\t\t\t<div class=\"img-inner dark\" >\n\t\t\t\t\t\t\t\t\t\n\t\t\t\t\t<\/div>\n\t\t\t\t\t\t\t\t\n<style>\n#image_1869948757 {\n  width: 100%;\n}\n<\/style>\n\t<\/div>\n\t\n\t\t<\/div>\n\n\t\t\n<style>\n#section_175241386 {\n  padding-top: 0px;\n  padding-bottom: 0px;\n}\n<\/style>\n\t<\/section>\n\t\n\n\t<section class=\"section\" id=\"section_298117823\">\n\t\t<div class=\"section-bg fill\" >\n\t\t\t\t\t\t\t\t\t\n\t\t\t\n\t<div class=\"is-border\"\n\t\tstyle=\"border-width:0px 0px 0px 0px;margin:0px 0px 0px 0px;\">\n\t<\/div>\n\n\t\t<\/div>\n\n\t\t\n\n\t\t<div class=\"section-content relative\">\n\t\t\t\n\t<div class=\"img has-hover x md-x lg-x y md-y lg-y\" id=\"image_565581368\">\n\t\t\t\t\t\t\t\t<div class=\"img-inner dark\" >\n\t\t\t\t\t\t\t\t\t\n\t\t\t\t\t<\/div>\n\t\t\t\t\t\t\t\t\n<style>\n#image_565581368 {\n  width: 100%;\n}\n<\/style>\n\t<\/div>\n\t\n\t\t<\/div>\n\n\t\t\n<style>\n#section_298117823 {\n  padding-top: 0px;\n  padding-bottom: 0px;\n}\n<\/style>\n\t<\/section>\n\t\n\n\t<section class=\"section\" id=\"section_1026704805\">\n\t\t<div class=\"section-bg fill\" >\n\t\t\t\t\t\t\t\t\t\n\t\t\t\n\t<div class=\"is-border\"\n\t\tstyle=\"border-width:0px 0px 0px 0px;margin:0px 0px 0px 0px;\">\n\t<\/div>\n\n\t\t<\/div>\n\n\t\t\n\n\t\t<div class=\"section-content relative\">\n\t\t\t\n\t<div class=\"img has-hover x md-x lg-x y md-y lg-y\" id=\"image_610133612\">\n\t\t\t\t\t\t\t\t<div class=\"img-inner dark\" >\n\t\t\t\t\t\t\t\t\t\n\t\t\t\t\t<\/div>\n\t\t\t\t\t\t\t\t\n<style>\n#image_610133612 {\n  width: 100%;\n}\n<\/style>\n\t<\/div>\n\t\n\t\t<\/div>\n\n\t\t\n<style>\n#section_1026704805 {\n  padding-top: 0px;\n  padding-bottom: 0px;\n}\n<\/style>\n\t<\/section>\n\t\n\n\t<section class=\"section\" id=\"section_344034974\">\n\t\t<div class=\"section-bg fill\" >\n\t\t\t\t\t\t\t\t\t\n\t\t\t\n\t<div class=\"is-border\"\n\t\tstyle=\"border-color:rgb(204, 204, 204);border-width:1px 0px 0px 0px;\">\n\t<\/div>\n\n\t\t<\/div>\n\n\t\t\n\n\t\t<div class=\"section-content relative\">\n\t\t\t\n<div class=\"row\"  id=\"row-1985285776\">\n\n\t<div id=\"col-136837271\" class=\"col imgbr medium-6 small-12 large-6\"  >\n\t\t\t\t<div class=\"col-inner\"  >\n\t\t\t\n\t\t\t\n\t<div class=\"img has-hover imgbr x md-x lg-x y md-y lg-y\" id=\"image_2056765944\">\n\t\t\t\t\t\t\t\t<div class=\"img-inner box-shadow-2 dark\" >\n\t\t\t<img loading=\"lazy\" decoding=\"async\" width=\"1020\" height=\"648\" src=\"https:\/\/eydallinsport.com\/wp-content\/uploads\/2025\/08\/eydallin-sport-ski-hire-sauze-doulx-2-1259x800-1-1024x651.jpg\" class=\"attachment-large size-large\" alt=\"eydallin sport ski hire sauze d&#039;oulx italy\" srcset=\"https:\/\/eydallinsport.com\/wp-content\/uploads\/2025\/08\/eydallin-sport-ski-hire-sauze-doulx-2-1259x800-1-1024x651.jpg 1024w, https:\/\/eydallinsport.com\/wp-content\/uploads\/2025\/08\/eydallin-sport-ski-hire-sauze-doulx-2-1259x800-1-300x191.jpg 300w, https:\/\/eydallinsport.com\/wp-content\/uploads\/2025\/08\/eydallin-sport-ski-hire-sauze-doulx-2-1259x800-1-500x318.jpg 500w, https:\/\/eydallinsport.com\/wp-content\/uploads\/2025\/08\/eydallin-sport-ski-hire-sauze-doulx-2-1259x800-1-768x488.jpg 768w, https:\/\/eydallinsport.com\/wp-content\/uploads\/2025\/08\/eydallin-sport-ski-hire-sauze-doulx-2-1259x800-1.jpg 1259w\" sizes=\"auto, (max-width: 1020px) 100vw, 1020px\" \/>\t\t\t\t\t\t\n\t\t\t\t\t<\/div>\n\t\t\t\t\t\t\t\t\n<style>\n#image_2056765944 {\n  width: 100%;\n}\n<\/style>\n\t<\/div>\n\t\n\t\t<\/div>\n\t\t\t\t\t<\/div>\n\n\t\n\n\t<div id=\"col-1771198650\" class=\"col medium-6 small-12 large-6\"  >\n\t\t\t\t<div class=\"col-inner\"  >\n\t\t\t\n\t\t\t\n\t<div id=\"text-2492790420\" class=\"text textpadding\">\n\t\t\n<h2 style=\"text-align: left;\">Sci da Principiante<\/h2>\n<div style=\"text-align: left;\">Gli sci da principiante sono progettati per rendere l\u2019apprendimento pi\u00f9 facile e piacevole. Sono pi\u00f9 leggeri, flessibili e facili da controllare \u2014 soprattuto a basse velocit\u00e0.<\/div>\n<div>\u00a0<\/div>\n<div style=\"text-align: left;\">La punta \u00e8 pi\u00f9 morbida per facilitare le curve, e la struttura complessiva \u00e8 pi\u00f9 tollerante.<\/div>\n<div>\u00a0<\/div>\n<div style=\"text-align: left;\">Di solito consigliamo sci che arrivano circa all\u2019altezza delle spalle: aiutano con equilibrio e controllo mentre costruisci fiducia sulle piste verdi e blu.<\/div>\n<div>\u00a0<\/div>\n<div>Per i principianti selezionare gli <strong>Easy Skis<\/strong><\/div>\n<div>\u00a0<\/div>\n<div style=\"text-align: left;\"><a href=\"https:\/\/eydallinsport.com\/it\/negozio\/noleggio-sci-sauze-doulx\/?attribute_select-your-skis=Easy+Skis\"><strong>Noleggia Easy Skis per principianti<\/strong><\/a><\/div>\n<div style=\"text-align: left;\">\u00a0<\/div>\n\t\t\t<\/div>\n\t\n\t\t<\/div>\n\t\t\t\t\t<\/div>\n\n\t\n<\/div>\n\t\t<\/div>\n\n\t\t\n<style>\n#section_344034974 {\n  padding-top: 30px;\n  padding-bottom: 30px;\n  background-color: #f8f8f8;\n}\n<\/style>\n\t<\/section>\n\t\n\n\t<section class=\"section\" id=\"section_1277035229\">\n\t\t<div class=\"section-bg fill\" >\n\t\t\t\t\t\t\t\t\t\n\t\t\t\n\t<div class=\"is-border\"\n\t\tstyle=\"border-color:rgb(235, 235, 235);border-width:1px 0px 0px 0px;\">\n\t<\/div>\n\n\t\t<\/div>\n\n\t\t\n\n\t\t<div class=\"section-content relative\">\n\t\t\t\n<div class=\"row row-large align-middle align-center\"  id=\"row-1842124680\">\n\n\t<div id=\"col-82600546\" class=\"col medium-6 small-12 large-6\"  >\n\t\t\t\t<div class=\"col-inner text-center dark\"  >\n\t\t\t\n\t\t\t\n<h2 style=\"text-align: center;\">Quando Passare di Livello<\/h2>\n<h4>Da Principiante a Intermedio<\/h4>\n<p>\u00c8 probabilmente il momento di passare agli sci intermedi quando ti senti a tuo agio sulle piste blu e inizi a provare qualche pista rossa.<\/p>\n<p>Offrono pi\u00f9 tenuta su neve dura e ti aiutano a sciare con pi\u00f9 sicurezza su pendii ripidi..<\/p>\n\t\t<\/div>\n\t\t\t\t\t<\/div>\n\n\t\n<\/div>\n\t\t<\/div>\n\n\t\t\n<style>\n#section_1277035229 {\n  padding-top: 59px;\n  padding-bottom: 59px;\n  min-height: 300px;\n  background-color: #446084;\n}\n<\/style>\n\t<\/section>\n\t\n\n\t<section class=\"section\" id=\"section_342874980\">\n\t\t<div class=\"section-bg fill\" >\n\t\t\t\t\t\t\t\t\t\n\t\t\t\n\t<div class=\"is-border\"\n\t\tstyle=\"border-color:rgb(204, 204, 204);border-width:1px 0px 0px 0px;\">\n\t<\/div>\n\n\t\t<\/div>\n\n\t\t\n\n\t\t<div class=\"section-content relative\">\n\t\t\t\n<div class=\"row\"  id=\"row-43829563\">\n\n\t<div id=\"col-593931729\" class=\"col imgbr medium-6 small-12 large-6\"  >\n\t\t\t\t<div class=\"col-inner\"  >\n\t\t\t\n\t\t\t\n\t<div class=\"img has-hover imgbr x md-x lg-x y md-y lg-y\" id=\"image_153070083\">\n\t\t\t\t\t\t\t\t<div class=\"img-inner box-shadow-2 dark\" >\n\t\t\t<img loading=\"lazy\" decoding=\"async\" width=\"300\" height=\"200\" src=\"https:\/\/eydallinsport.com\/wp-content\/uploads\/2025\/10\/STE37953-300x200.jpg\" class=\"attachment-medium size-medium\" alt=\"\" srcset=\"https:\/\/eydallinsport.com\/wp-content\/uploads\/2025\/10\/STE37953-300x200.jpg 300w, https:\/\/eydallinsport.com\/wp-content\/uploads\/2025\/10\/STE37953-768x512.jpg 768w, https:\/\/eydallinsport.com\/wp-content\/uploads\/2025\/10\/STE37953-500x333.jpg 500w, https:\/\/eydallinsport.com\/wp-content\/uploads\/2025\/10\/STE37953.jpg 900w\" sizes=\"auto, (max-width: 300px) 100vw, 300px\" \/>\t\t\t\t\t\t\n\t\t\t\t\t<\/div>\n\t\t\t\t\t\t\t\t\n<style>\n#image_153070083 {\n  width: 100%;\n}\n<\/style>\n\t<\/div>\n\t\n\t\t<\/div>\n\t\t\t\t\t<\/div>\n\n\t\n\n\t<div id=\"col-615395508\" class=\"col medium-6 small-12 large-6\"  >\n\t\t\t\t<div class=\"col-inner\"  >\n\t\t\t\n\t\t\t\n<h2 style=\"text-align: left;\">Sci Intermedi<\/h2>\n<div style=\"text-align: left;\">Man mano che migliori, anche i tuoi sci dovrebbero evolversi. Gli sci intermedi sono leggermente pi\u00f9 pesanti e rigidi, offrendo una migliore tenuta e stabilit\u00e0 soprattuto su pendii ripidi o ghiacciati.<\/div>\n<div>\u00a0<\/div>\n<div style=\"text-align: left;\">A questo livello potresti scegliere sci un po\u2019 pi\u00f9 lunghi, fino all\u2019altezza del mento, per pi\u00f9 potenza in curva e una sciata pi\u00f9 fluida ad alta velocit\u00e0.<\/div>\n<div>\u00a0<\/div>\n<div style=\"text-align: left;\">Se scii con sicurezza sulle piste blu e inizi a esplorare le rosse, gli sci intermedi ti aiuteranno a superare i tuoi limiti con pi\u00f9 controllo e sicurezza.<\/div>\n<div>\u00a0<\/div>\n<div>Per gli intermedi selezionare <strong>Superior Skis<\/strong><\/div>\n<div>\u00a0<\/div>\n<div><strong><a href=\"https:\/\/eydallinsport.com\/it\/negozio\/noleggio-sci-sauze-doulx\/?attribute_select-your-skis=Superior+Skis\">Noleggio sci Superior<\/a><\/strong><\/div>\n<div style=\"text-align: left;\">\u00a0<\/div>\n\t\t<\/div>\n\t\t\t\t\t<\/div>\n\n\t\n<\/div>\n\t\t<\/div>\n\n\t\t\n<style>\n#section_342874980 {\n  padding-top: 30px;\n  padding-bottom: 30px;\n  background-color: rgb(255, 255, 255);\n}\n<\/style>\n\t<\/section>\n\t\n\n\t<section class=\"section\" id=\"section_1809177575\">\n\t\t<div class=\"section-bg fill\" >\n\t\t\t\t\t\t\t\t\t\n\t\t\t\n\t<div class=\"is-border\"\n\t\tstyle=\"border-color:rgb(235, 235, 235);border-width:1px 0px 0px 0px;\">\n\t<\/div>\n\n\t\t<\/div>\n\n\t\t\n\n\t\t<div class=\"section-content relative\">\n\t\t\t\n<div class=\"row row-large align-middle align-center\"  id=\"row-1927292127\">\n\n\t<div id=\"col-1716891678\" class=\"col medium-6 small-12 large-6\"  >\n\t\t\t\t<div class=\"col-inner text-center dark\"  >\n\t\t\t\n\t\t\t\n<h2 style=\"text-align: center;\">Quando Passare di Livello<\/h2>\n<h4>Da Intermedio ad Avanzato<\/h4>\n<p>Quando affronti le piste rosse con sicurezza e hai provato qualche pista nera, potresti beneficiare di sci pi\u00f9 performanti.<\/p>\n<p>Gli sci avanzati offrono pi\u00f9 stabilit\u00e0, precisione e reattivit\u00e0 \u2014 perfetti per chi vuole migliorarela propria tecnica.<\/p>\n\t\t<\/div>\n\t\t\t\t\t<\/div>\n\n\t\n<\/div>\n\t\t<\/div>\n\n\t\t\n<style>\n#section_1809177575 {\n  padding-top: 59px;\n  padding-bottom: 59px;\n  min-height: 300px;\n  background-color: #446084;\n}\n<\/style>\n\t<\/section>\n\t\n\n\t<section class=\"section\" id=\"section_1653265396\">\n\t\t<div class=\"section-bg fill\" >\n\t\t\t\t\t\t\t\t\t\n\t\t\t\n\t<div class=\"is-border\"\n\t\tstyle=\"border-color:rgb(204, 204, 204);border-width:1px 0px 0px 0px;\">\n\t<\/div>\n\n\t\t<\/div>\n\n\t\t\n\n\t\t<div class=\"section-content relative\">\n\t\t\t\n<div class=\"row\"  id=\"row-2106417862\">\n\n\t<div id=\"col-1887004443\" class=\"col imgbr medium-6 small-12 large-6\"  >\n\t\t\t\t<div class=\"col-inner\"  >\n\t\t\t\n\t\t\t\n\t<div class=\"img has-hover imgbr x md-x lg-x y md-y lg-y\" id=\"image_1919654737\">\n\t\t\t\t\t\t\t\t<div class=\"img-inner box-shadow-2 dark\" >\n\t\t\t<img loading=\"lazy\" decoding=\"async\" width=\"768\" height=\"512\" src=\"https:\/\/eydallinsport.com\/wp-content\/uploads\/2025\/10\/STE37953-768x512.jpg\" class=\"attachment-medium_large size-medium_large\" alt=\"\" srcset=\"https:\/\/eydallinsport.com\/wp-content\/uploads\/2025\/10\/STE37953-768x512.jpg 768w, https:\/\/eydallinsport.com\/wp-content\/uploads\/2025\/10\/STE37953-300x200.jpg 300w, https:\/\/eydallinsport.com\/wp-content\/uploads\/2025\/10\/STE37953-500x333.jpg 500w, https:\/\/eydallinsport.com\/wp-content\/uploads\/2025\/10\/STE37953.jpg 900w\" sizes=\"auto, (max-width: 768px) 100vw, 768px\" \/>\t\t\t\t\t\t\n\t\t\t\t\t<\/div>\n\t\t\t\t\t\t\t\t\n<style>\n#image_1919654737 {\n  width: 100%;\n}\n<\/style>\n\t<\/div>\n\t\n\t\t<\/div>\n\t\t\t\t\t<\/div>\n\n\t\n\n\t<div id=\"col-286732856\" class=\"col medium-6 small-12 large-6\"  >\n\t\t\t\t<div class=\"col-inner\"  >\n\t\t\t\n\t\t\t\n<h2 style=\"text-align: left;\">Sci Avanzati<\/h2>\n<div style=\"text-align: left;\">Gli sciatori esperti spesso scelgono tra sci da pista e sci all-mountain, a seconda dello stile e delle condizioni.<\/div>\n<div>\u00a0<\/div>\n<p><strong>Sci da Pista<\/strong>: costruiti per precisione e velocit\u00e0. Pi\u00f9 rigidi e pesanti, con una forte presa di spigolo su piste battute. Perfetto per chi ama curvare su piste rosse e nere<\/p>\n<p><strong>Sci All-Mountain<\/strong>: pi\u00f9 larghi e versatili. Ottimi su pista ma anche pronti per terreni misti e un po\u2019 di fuoripista.<\/p>\n<div style=\"text-align: left;\">A questo livello, gli sci pi\u00f9 lunghi sono comuni perch\u00e9 offrono maggiore stabilit\u00e0 ad alta velocit\u00e0 e su neve variabile<\/div>\n<div>\u00a0<\/div>\n<div><strong><a href=\"https:\/\/eydallinsport.com\/it\/negozio\/noleggio-sci-sauze-doulx\/?attribute_select-your-skis=Advanced+Skis\">Noleggio Advanced Skis (twin tip)<\/a><\/strong><\/div>\n<div><strong><a href=\"https:\/\/eydallinsport.com\/it\/negozio\/noleggio-sci-sauze-doulx\/?attribute_select-your-skis=Gold+Skis\">Noleggio Gold Skis (freeride skis)<\/a><\/strong><\/div>\n<div>\u00a0<\/div>\n\t\t<\/div>\n\t\t\t\t\t<\/div>\n\n\t\n<\/div>\n\t\t<\/div>\n\n\t\t\n<style>\n#section_1653265396 {\n  padding-top: 30px;\n  padding-bottom: 30px;\n  background-color: #f8f8f8;\n}\n<\/style>\n\t<\/section>\n\t\n\n\t<section class=\"section dark has-mask mask-arrow\" id=\"section_819700403\">\n\t\t<div class=\"section-bg fill\" >\n\t\t\t\t\t\t\t\t\t<div class=\"section-bg-overlay absolute fill\"><\/div>\n\t\t\t\n\t<div class=\"is-border\"\n\t\tstyle=\"border-color:rgb(235, 235, 235);border-width:1px 0px 0px 0px;\">\n\t<\/div>\n\n\t\t<\/div>\n\n\t\t\n\n\t\t<div class=\"section-content relative\">\n\t\t\t\n<div class=\"row\"  id=\"row-561235277\">\n\n\t<div id=\"col-1198844014\" class=\"col medium-4 small-12 large-4\"  >\n\t\t\t\t<div class=\"col-inner text-shadow-2\"  >\n\t\t\t\n\t\t\t\n\t<div id=\"text-2958578084\" class=\"text\">\n\t\t\n<h3 style=\"font-size: 1.2rem; text-transform: uppercase;\">INDIRIZZO<\/h3>\n<p>Eydallin Sport<br \/>Via Miramonti, 16<br \/>10050 Sauze d&#8217;Oulx (TO)<br \/>(<a href=\"https:\/\/www.google.com\/maps\/place\/Eydallin+Sport\/@45.0254204,6.8568829,17z\/data=!4m6!3m5!1s0x4789c1651f7ea4b5:0xb2b2d4ea15566b27!8m2!3d45.0257692!4d6.8588463!16s%2Fg%2F1tgw3xsf!5m1!1e4?entry=ttu&amp;g_ep=EgoyMDI1MTAwMS4wIKXMDSoASAFQAw%3D%3D\" target=\"_blank\" rel=\"noopener\">Mappa<\/a>)<\/p>\n\t\t\n<style>\n#text-2958578084 {\n  text-align: center;\n}\n<\/style>\n\t<\/div>\n\t\n\t\t<\/div>\n\t\t\t\t\t<\/div>\n\n\t\n\n\t<div id=\"col-1772353407\" class=\"col medium-4 small-12 large-4\"  >\n\t\t\t\t<div class=\"col-inner text-shadow-2\"  >\n\t\t\t\n\t\t\t\n\t<div id=\"text-3157710232\" class=\"text\">\n\t\t\n<h3 style=\"font-size: 1.2rem; text-transform: uppercase;\">Le nostre attivit\u00e0<\/h3>\n<p><a href=\"https:\/\/www.stellalpinahotel.it\/\" target=\"_blank\" rel=\"noopener\">Hotel Stella Alpina<\/a><br \/><a href=\"https:\/\/www.cascinagenzianella.it\/\" target=\"_blank\" rel=\"noopener\">La Cascina Genzianella<\/a><br \/><a href=\"https:\/\/www.babyparkinglalibellula.com\/\" target=\"_blank\" rel=\"noopener\">Baby Parking La Libellula<\/a><br \/><a href=\"https:\/\/www.freeskisauze.it\/\" target=\"_blank\" rel=\"noopener\">Freeski Sauze<\/a><\/p>\n\t\t\n<style>\n#text-3157710232 {\n  text-align: center;\n}\n<\/style>\n\t<\/div>\n\t\n\t\t<\/div>\n\t\t\t\t\t<\/div>\n\n\t\n\n\t<div id=\"col-498815745\" class=\"col medium-4 small-12 large-4\"  >\n\t\t\t\t<div class=\"col-inner text-shadow-2\"  >\n\t\t\t\n\t\t\t\n\t<div id=\"text-234532663\" class=\"text\">\n\t\t\n<h3 style=\"font-size: 1.2rem; text-transform: uppercase;\">Noleggio sci e snowboard<\/h3>\n<p><a href=\"https:\/\/eydallinsport.com\/it\/negozio\/noleggio-sci-sauze-doulx\/\">Noleggio Sci Adulti<\/a><br \/><a href=\"https:\/\/eydallinsport.com\/it\/negozio\/noleggi-sci-bambini\/\">Noleggio Sci Bambini<\/a><br \/><a href=\"https:\/\/eydallinsport.com\/it\/negozio\/noleggio-snowboard-sauze-doulx\/\">Noleggio Snowboard Adulti<\/a><br \/><a href=\"https:\/\/eydallinsport.com\/it\/negozio\/noleggio-snowboard-bambini\/\">Noleggio Snowboard Bambini<\/a><\/p>\n\t\t\n<style>\n#text-234532663 {\n  text-align: center;\n}\n<\/style>\n\t<\/div>\n\t\n\t\t<\/div>\n\t\t\t\t\t<\/div>\n\n\t\n<\/div>\n\t\t<\/div>\n\n\t\t\n<style>\n#section_819700403 {\n  padding-top: 30px;\n  padding-bottom: 30px;\n  min-height: 300px;\n  background-color: #446084;\n}\n#section_819700403 .section-bg-overlay {\n  background-color: rgba(0, 0, 0, 0.4);\n}\n<\/style>\n\t<\/section>\n\t\n","protected":false},"excerpt":{"rendered":"","protected":false},"author":1,"featured_media":0,"parent":0,"menu_order":0,"comment_status":"closed","ping_status":"closed","template":"page-transparent-header-light.php","meta":{"footnotes":""},"class_list":["post-9909","page","type-page","status-publish","hentry"],"_links":{"self":[{"href":"https:\/\/eydallinsport.com\/it\/wp-json\/wp\/v2\/pages\/9909","targetHints":{"allow":["GET"]}}],"collection":[{"href":"https:\/\/eydallinsport.com\/it\/wp-json\/wp\/v2\/pages"}],"about":[{"href":"https:\/\/eydallinsport.com\/it\/wp-json\/wp\/v2\/types\/page"}],"author":[{"embeddable":true,"href":"https:\/\/eydallinsport.com\/it\/wp-json\/wp\/v2\/users\/1"}],"replies":[{"embeddable":true,"href":"https:\/\/eydallinsport.com\/it\/wp-json\/wp\/v2\/comments?post=9909"}],"version-history":[{"count":11,"href":"https:\/\/eydallinsport.com\/it\/wp-json\/wp\/v2\/pages\/9909\/revisions"}],"predecessor-version":[{"id":10058,"href":"https:\/\/eydallinsport.com\/it\/wp-json\/wp\/v2\/pages\/9909\/revisions\/10058"}],"wp:attachment":[{"href":"https:\/\/eydallinsport.com\/it\/wp-json\/wp\/v2\/media?parent=9909"}],"curies":[{"name":"wp","href":"https:\/\/api.w.org\/{rel}","templated":true}]}}